{"id":10,"date":"2022-08-11T12:14:05","date_gmt":"2022-08-11T10:14:05","guid":{"rendered":"https:\/\/nextbike-live.pluspol-networks.de\/aachen\/?page_id=10"},"modified":"2022-08-17T11:35:40","modified_gmt":"2022-08-17T09:35:40","slug":"datenschutz","status":"publish","type":"page","link":"https:\/\/www.euregiobike.eu\/de\/datenschutz\/","title":{"rendered":"Datenschutz"},"content":{"rendered":"<div class=\"wpb-content-wrapper\"><p>[vc_row][vc_column][vc_column_text]<div class=\"ppi_privacy ppi_content\"><div class=\"row_wrap\">\n<div class=\"wp-block-columns row_xxl\">\n<div class=\"wp-block-column col-12 col-sm-auto\">\n<h2>Datenschutz<\/h2>\n<\/div>\n<\/div>\n<\/div>\n<div class=\"row_wrap\">\n<div class=\"wp-block-columns row_xxl\">\n<div class=\"wp-block-column col-12 col-sm-auto\">\n<h4><strong>Name und Anschrift des Verantwortlichen<\/strong><\/h4>\n<p>Der Verantwortliche im Sinne der Datenschutz-Grundverordnung und anderer nationaler Datenschutzgesetze der Mitgliedstaaten sowie sonstiger datenschutzrechtlicher Bestimmungen ist die:<\/p>\n<div data-font-name=\"g_d3_f4\" data-angle=\"0\" data-canvas-width=\"117.61519999999996\">nextbike GmbH<br \/>\nKarl-Heine-Stra\u00dfe 46<br \/>\n04229 Leipzig<\/div>\n<p>Kontakt: <strong><a class=\"c-link\" href=\"mailto:datenschutz@nextbike.de\" target=\"_blank\" rel=\"noopener noreferrer\" data-stringify-link=\"mailto:datenschutz@nextbike.de\" data-sk=\"tooltip_parent\" aria-expanded=\"false\">datenschutz@nextbike.de<\/a><\/strong><\/p>\n<p>Wir nehmen den Schutz Ihrer pers\u00f6nlichen Daten sehr ernst und behandeln Ihre personenbezogenen Daten vertraulich und entsprechend der gesetzlichen Datenschutzvorschriften sowie dieser Datenschutzerkl\u00e4rung.<\/p>\n<p>Die Nutzung unserer Webseiten ist ohne Angabe personenbezogener Daten m\u00f6glich. Soweit auf unseren Seiten personenbezogene Daten (beispielsweise Name, Anschrift oder E-Mail-Adressen) erhoben werden, erfolgt dies, soweit m\u00f6glich, stets auf freiwilliger Basis. Diese Daten werden ohne Ihre ausdr\u00fcckliche Zustimmung nicht an Dritte weitergegeben.<\/p>\n<p>Wir weisen darauf hin, dass die Daten\u00fcbertragung im Internet (z.B. bei der Kommunikation per E-Mail) Sicherheitsl\u00fccken aufweisen kann. Ein l\u00fcckenloser Schutz der Daten vor dem Zugriff durch Dritte ist nicht m\u00f6glich. Nachstehende Regelungen informieren Sie insoweit \u00fcber die Art, den Umfang und Zweck der Erhebung, die Nutzung und die Verarbeitung von personenbezogenen Daten durch den Anbieter.<\/p>\n<p><strong><a class=\"borlabs-cookie-preference\" href=\"#\">Individuelle Datenschutzeinstellungen vornehmen.<\/a><\/strong><\/p>\n<p>&nbsp;<\/p>\n<\/div>\n<\/div>\n<\/div>\n<h4 class=\"ppi_download_headline\">Datenschutzerkl\u00e4rung zur Nutzung der Webseiten<\/h4><div class=\"ppi_download_row ppi_row\"><div class=\"ppi_download_col ppi_col-md-6\"><p class=\"ppi_download_desc\">Datenschutzerkl\u00e4rung Web - Deutsch (PDF)<\/p><a aria-label=\"\u00d6ffnet in einem neuen Tab\" href=\"https:\/\/www.euregiobike.eu\/wp-content\/uploads\/2026\/01\/2026-01-12_Privacy-Notice-WEBSITE_nextbike_ger.pdf\" target=\"_blank\" class=\"ppi_download_link\"><strong>download<\/strong><\/a><\/div><div class=\"ppi_download_col ppi_col-md-6\"><p class=\"ppi_download_desc\">Privacy Web - English (PDF)<\/p><a aria-label=\"\u00d6ffnet in einem neuen Tab\" href=\"https:\/\/www.euregiobike.eu\/wp-content\/uploads\/2026\/01\/2026-01-12_Privacy-Notice-WEBSITE_nextbike_eng.pdf\" target=\"_blank\" class=\"ppi_download_link\"><strong>download<\/strong><\/a><\/div><\/div><h4 class=\"ppi_download_headline\">Datenschutzerkl\u00e4rung zur Nutzung der App<\/h4><div class=\"ppi_download_row ppi_row\"><div class=\"ppi_download_col ppi_col-md-6\"><p class=\"ppi_download_desc\">Datenschutzerkl\u00e4rung App - Deutsch (PDF)<\/p><a aria-label=\"\u00d6ffnet in einem neuen Tab\" href=\"https:\/\/www.euregiobike.eu\/wp-content\/uploads\/2026\/01\/2026-01-12_Privacy-Notice-APP_nextbike_ger.pdf\" target=\"_blank\" class=\"ppi_download_link\"><strong>download<\/strong><\/a><\/div><div class=\"ppi_download_col ppi_col-md-6\"><p class=\"ppi_download_desc\">Data Privacy App - English (PDF)<\/p><a aria-label=\"\u00d6ffnet in einem neuen Tab\" href=\"https:\/\/www.euregiobike.eu\/wp-content\/uploads\/2026\/01\/2026-01-12_Privacy-Notice-APP_nextbike_eng.pdf\" target=\"_blank\" class=\"ppi_download_link\"><strong>download<\/strong><\/a><\/div><\/div><\/div>[\/vc_column_text][\/vc_column][\/vc_row]<\/p>\n<\/div>","protected":false},"excerpt":{"rendered":"<p>[vc_row][vc_column][vc_column_text][\/vc_column_text][\/vc_column][\/vc_row]<\/p>\n","protected":false},"author":5,"featured_media":0,"parent":0,"menu_order":0,"comment_status":"closed","ping_status":"closed","template":"page-bubble.php","meta":{"_acf_changed":false,"inline_featured_image":false,"footnotes":""},"class_list":["post-10","page","type-page","status-publish","hentry"],"acf":[],"yoast_head":"<!-- This site is optimized with the Yoast SEO plugin v27.2 - https:\/\/yoast.com\/product\/yoast-seo-wordpress\/ -->\n<title>Datenschutz - Aachen<\/title>\n<meta name=\"robots\" content=\"index, follow, max-snippet:-1, max-image-preview:large, max-video-preview:-1\" \/>\n<link rel=\"canonical\" href=\"https:\/\/www.euregiobike.eu\/de\/datenschutz\/\" \/>\n<meta property=\"og:locale\" content=\"de_DE\" \/>\n<meta property=\"og:type\" content=\"article\" \/>\n<meta property=\"og:title\" content=\"Datenschutz - Aachen\" \/>\n<meta property=\"og:description\" content=\"[vc_row][vc_column][vc_column_text][\/vc_column_text][\/vc_column][\/vc_row]\" \/>\n<meta property=\"og:url\" content=\"https:\/\/www.euregiobike.eu\/de\/datenschutz\/\" \/>\n<meta property=\"og:site_name\" content=\"Aachen\" \/>\n<meta property=\"article:modified_time\" content=\"2022-08-17T09:35:40+00:00\" \/>\n<meta name=\"twitter:card\" content=\"summary_large_image\" \/>\n<meta name=\"twitter:label1\" content=\"Gesch\u00e4tzte Lesezeit\" \/>\n\t<meta name=\"twitter:data1\" content=\"1\u00a0Minute\" \/>\n<script type=\"application\/ld+json\" class=\"yoast-schema-graph\">{\"@context\":\"https:\/\/schema.org\",\"@graph\":[{\"@type\":\"WebPage\",\"@id\":\"https:\/\/www.euregiobike.eu\/de\/datenschutz\/\",\"url\":\"https:\/\/www.euregiobike.eu\/de\/datenschutz\/\",\"name\":\"Datenschutz - Aachen\",\"isPartOf\":{\"@id\":\"https:\/\/www.euregiobike.eu\/de\/#website\"},\"datePublished\":\"2022-08-11T10:14:05+00:00\",\"dateModified\":\"2022-08-17T09:35:40+00:00\",\"breadcrumb\":{\"@id\":\"https:\/\/www.euregiobike.eu\/de\/datenschutz\/#breadcrumb\"},\"inLanguage\":\"de\",\"potentialAction\":[{\"@type\":\"ReadAction\",\"target\":[\"https:\/\/www.euregiobike.eu\/de\/datenschutz\/\"]}]},{\"@type\":\"BreadcrumbList\",\"@id\":\"https:\/\/www.euregiobike.eu\/de\/datenschutz\/#breadcrumb\",\"itemListElement\":[{\"@type\":\"ListItem\",\"position\":1,\"name\":\"Startseite\",\"item\":\"https:\/\/www.euregiobike.eu\/de\/\"},{\"@type\":\"ListItem\",\"position\":2,\"name\":\"Datenschutz\"}]},{\"@type\":\"WebSite\",\"@id\":\"https:\/\/www.euregiobike.eu\/de\/#website\",\"url\":\"https:\/\/www.euregiobike.eu\/de\/\",\"name\":\"Aachen\",\"description\":\"Bike Sharing by nextbike\",\"potentialAction\":[{\"@type\":\"SearchAction\",\"target\":{\"@type\":\"EntryPoint\",\"urlTemplate\":\"https:\/\/www.euregiobike.eu\/de\/?s={search_term_string}\"},\"query-input\":{\"@type\":\"PropertyValueSpecification\",\"valueRequired\":true,\"valueName\":\"search_term_string\"}}],\"inLanguage\":\"de\"}]}<\/script>\n<!-- \/ Yoast SEO plugin. -->","yoast_head_json":{"title":"Datenschutz - Aachen","robots":{"index":"index","follow":"follow","max-snippet":"max-snippet:-1","max-image-preview":"max-image-preview:large","max-video-preview":"max-video-preview:-1"},"canonical":"https:\/\/www.euregiobike.eu\/de\/datenschutz\/","og_locale":"de_DE","og_type":"article","og_title":"Datenschutz - Aachen","og_description":"[vc_row][vc_column][vc_column_text][\/vc_column_text][\/vc_column][\/vc_row]","og_url":"https:\/\/www.euregiobike.eu\/de\/datenschutz\/","og_site_name":"Aachen","article_modified_time":"2022-08-17T09:35:40+00:00","twitter_card":"summary_large_image","twitter_misc":{"Gesch\u00e4tzte Lesezeit":"1\u00a0Minute"},"schema":{"@context":"https:\/\/schema.org","@graph":[{"@type":"WebPage","@id":"https:\/\/www.euregiobike.eu\/de\/datenschutz\/","url":"https:\/\/www.euregiobike.eu\/de\/datenschutz\/","name":"Datenschutz - Aachen","isPartOf":{"@id":"https:\/\/www.euregiobike.eu\/de\/#website"},"datePublished":"2022-08-11T10:14:05+00:00","dateModified":"2022-08-17T09:35:40+00:00","breadcrumb":{"@id":"https:\/\/www.euregiobike.eu\/de\/datenschutz\/#breadcrumb"},"inLanguage":"de","potentialAction":[{"@type":"ReadAction","target":["https:\/\/www.euregiobike.eu\/de\/datenschutz\/"]}]},{"@type":"BreadcrumbList","@id":"https:\/\/www.euregiobike.eu\/de\/datenschutz\/#breadcrumb","itemListElement":[{"@type":"ListItem","position":1,"name":"Startseite","item":"https:\/\/www.euregiobike.eu\/de\/"},{"@type":"ListItem","position":2,"name":"Datenschutz"}]},{"@type":"WebSite","@id":"https:\/\/www.euregiobike.eu\/de\/#website","url":"https:\/\/www.euregiobike.eu\/de\/","name":"Aachen","description":"Bike Sharing by nextbike","potentialAction":[{"@type":"SearchAction","target":{"@type":"EntryPoint","urlTemplate":"https:\/\/www.euregiobike.eu\/de\/?s={search_term_string}"},"query-input":{"@type":"PropertyValueSpecification","valueRequired":true,"valueName":"search_term_string"}}],"inLanguage":"de"}]}},"_links":{"self":[{"href":"https:\/\/www.euregiobike.eu\/de\/wp-json\/wp\/v2\/pages\/10","targetHints":{"allow":["GET"]}}],"collection":[{"href":"https:\/\/www.euregiobike.eu\/de\/wp-json\/wp\/v2\/pages"}],"about":[{"href":"https:\/\/www.euregiobike.eu\/de\/wp-json\/wp\/v2\/types\/page"}],"author":[{"embeddable":true,"href":"https:\/\/www.euregiobike.eu\/de\/wp-json\/wp\/v2\/users\/5"}],"replies":[{"embeddable":true,"href":"https:\/\/www.euregiobike.eu\/de\/wp-json\/wp\/v2\/comments?post=10"}],"version-history":[{"count":1,"href":"https:\/\/www.euregiobike.eu\/de\/wp-json\/wp\/v2\/pages\/10\/revisions"}],"predecessor-version":[{"id":11,"href":"https:\/\/www.euregiobike.eu\/de\/wp-json\/wp\/v2\/pages\/10\/revisions\/11"}],"wp:attachment":[{"href":"https:\/\/www.euregiobike.eu\/de\/wp-json\/wp\/v2\/media?parent=10"}],"curies":[{"name":"wp","href":"https:\/\/api.w.org\/{rel}","templated":true}]}}