{"id":90,"date":"2022-11-15T07:57:06","date_gmt":"2022-11-15T06:57:06","guid":{"rendered":"https:\/\/nextbike-live.pluspol-networks.de\/aachen\/right-of-withdrawal\/"},"modified":"2022-12-16T11:35:47","modified_gmt":"2022-12-16T10:35:47","slug":"right-of-withdrawal","status":"publish","type":"page","link":"https:\/\/www.euregiobike.eu\/en\/right-of-withdrawal\/","title":{"rendered":"Right of Withdrawal"},"content":{"rendered":"<div class=\"wpb-content-wrapper\"><p>[vc_row][vc_column][vc_column_text]<h2>Instructions on the Right of Withdrawal<\/h2>\n<p>The right of withdrawal only applies for purchased subscriptions, but not for rentals in the basic rate.<\/p>\n<p><strong>Right of withdrawal<\/strong><br \/>\nYou have the right to withdraw from this contract within 14 days without giving any reason. The withdrawal period will expire after 14 days from the day oft the conclusion of the contract. To exercise the right of withdrawal, you must inform (<span data-sheets-root=\"1\" data-sheets-value=\"{&quot;1&quot;:2,&quot;2&quot;:&quot;Ju keni t\u00eb drejt\u00eb t\u00eb t\u00ebrhiqeni nga kjo kontrat\u00eb brenda 14 dit\u00ebve pa dh\u00ebn\u00eb asnj\u00eb arsye. Afati i t\u00ebrheqjes p\u00ebrfundon pas 14 dit\u00ebsh nga dita e lidhjes s\u00eb kontrat\u00ebs. P\u00ebr t\u00eb ushtruar t\u00eb drejt\u00ebn e t\u00ebrheqjes duhet t\u00eb informoni (#ADRESA# ) t\u00eb vendimit tuaj p\u00ebr t'u t\u00ebrhequr nga kjo kontrat\u00eb me nj\u00eb deklarat\u00eb t\u00eb qart\u00eb (p.sh. nj\u00eb let\u00ebr e d\u00ebrguar me post\u00eb, faks ose e-mail Ju mund t\u00eb p\u00ebrdorni formularin e t\u00ebrheqjes s\u00eb bashkangjitur, por nuk \u00ebsht\u00eb i detyruesh\u00ebm).\\n\\nP\u00ebr t\u00eb p\u00ebrmbushur afatin e t\u00ebrheqjes, mjafton q\u00eb ju t\u00eb d\u00ebrgoni komunikimin tuaj n\u00eb lidhje me ushtrimin e t\u00eb drejt\u00ebs s\u00eb t\u00ebrheqjes p\u00ebrpara se t\u00eb skadoj\u00eb periudha e t\u00ebrheqjes.&quot;}\" data-sheets-userformat=\"{&quot;2&quot;:14593,&quot;3&quot;:{&quot;1&quot;:0,&quot;3&quot;:1},&quot;11&quot;:4,&quot;14&quot;:{&quot;1&quot;:2,&quot;2&quot;:0},&quot;15&quot;:&quot;Arial&quot;,&quot;16&quot;:10}\">nextbike, Karl-Heine-Stra\u00dfe 46, 04229 Leipzig<\/span>, E-Mail-Adresse: kundenservice@nextbike.de) of your decision to withdraw from this con-tract by an unequivocal statement (e.g. a letter sent by post, fax or e-mail). You may use the attached model withdrawal form, but it is not obligatory.<\/p>\n<p>To meet the withdrawal deadline, it is sufficient for you to send your communication concerning your exercise of the right of withdrawal before the withdrawal period has expired.<\/p>\n<p><strong>Effects of withdrawal<\/strong><br \/>\nIf you withdraw from this contract, we shall reimburse to you all payments received from you, including the costs of delivery (except for the supplementary costs resulting from your choice of a type of delivery other than the least expensive type of standard delivery offered by us), without undue delay and in any event not later than 14 days from the day on which we are informed about your decision to withdraw from this contract. We will carry out such reimbursement using the same means of payment as you used for the initial transaction, unless you have expressly agreed otherwise; in any event, you will not incur any fees as a result of such reimbursement.<\/p>\n<p>If you&#8217;re requested to begin the performance of services during the withdrawal period, you shall pay us an amount which is in proportion to what has been provided until you have communicated us your withdrawal from this contract, in comparison with the full coverage of the contract.<\/p>\n<a aria-label=\"Opens in a new tab\" href=\"https:\/\/www.euregiobike.eu\/wp-content\/uploads\/2024\/04\/2024_04_09_Widerrufsbelehrung.pdf\" target=\"_blank\" class=\"ppi_withdrawal_download_link\"><strong>Download the membership cancellation form here (PDF)<\/strong><\/a>[\/vc_column_text][\/vc_column][\/vc_row]<\/p>\n<\/div>","protected":false},"excerpt":{"rendered":"<p>[vc_row][vc_column][vc_column_text][\/vc_column_text][\/vc_column][\/vc_row]<\/p>\n","protected":false},"author":5,"featured_media":0,"parent":0,"menu_order":0,"comment_status":"closed","ping_status":"closed","template":"","meta":{"_acf_changed":false,"inline_featured_image":false,"footnotes":""},"class_list":["post-90","page","type-page","status-publish","hentry"],"acf":[],"yoast_head":"<!-- This site is optimized with the Yoast SEO plugin v27.2 - https:\/\/yoast.com\/product\/yoast-seo-wordpress\/ -->\n<title>Right of Withdrawal - Vorlage<\/title>\n<meta name=\"robots\" content=\"index, follow, max-snippet:-1, max-image-preview:large, max-video-preview:-1\" \/>\n<link rel=\"canonical\" href=\"https:\/\/www.euregiobike.eu\/en\/right-of-withdrawal\/\" \/>\n<meta property=\"og:locale\" content=\"en_US\" \/>\n<meta property=\"og:type\" content=\"article\" \/>\n<meta property=\"og:title\" content=\"Right of Withdrawal - Vorlage\" \/>\n<meta property=\"og:description\" content=\"[vc_row][vc_column][vc_column_text][\/vc_column_text][\/vc_column][\/vc_row]\" \/>\n<meta property=\"og:url\" content=\"https:\/\/www.euregiobike.eu\/en\/right-of-withdrawal\/\" \/>\n<meta property=\"og:site_name\" content=\"Vorlage\" \/>\n<meta property=\"article:modified_time\" content=\"2022-12-16T10:35:47+00:00\" \/>\n<meta name=\"twitter:card\" content=\"summary_large_image\" \/>\n<meta name=\"twitter:label1\" content=\"Est. reading time\" \/>\n\t<meta name=\"twitter:data1\" content=\"1 minute\" \/>\n<script type=\"application\/ld+json\" class=\"yoast-schema-graph\">{\"@context\":\"https:\/\/schema.org\",\"@graph\":[{\"@type\":\"WebPage\",\"@id\":\"https:\/\/www.euregiobike.eu\/en\/right-of-withdrawal\/\",\"url\":\"https:\/\/www.euregiobike.eu\/en\/right-of-withdrawal\/\",\"name\":\"Right of Withdrawal - Vorlage\",\"isPartOf\":{\"@id\":\"https:\/\/www.euregiobike.eu\/en\/#website\"},\"datePublished\":\"2022-11-15T06:57:06+00:00\",\"dateModified\":\"2022-12-16T10:35:47+00:00\",\"breadcrumb\":{\"@id\":\"https:\/\/www.euregiobike.eu\/en\/right-of-withdrawal\/#breadcrumb\"},\"inLanguage\":\"en-US\",\"potentialAction\":[{\"@type\":\"ReadAction\",\"target\":[\"https:\/\/www.euregiobike.eu\/en\/right-of-withdrawal\/\"]}]},{\"@type\":\"BreadcrumbList\",\"@id\":\"https:\/\/www.euregiobike.eu\/en\/right-of-withdrawal\/#breadcrumb\",\"itemListElement\":[{\"@type\":\"ListItem\",\"position\":1,\"name\":\"Startseite\",\"item\":\"https:\/\/www.euregiobike.eu\/en\/\"},{\"@type\":\"ListItem\",\"position\":2,\"name\":\"Right of Withdrawal\"}]},{\"@type\":\"WebSite\",\"@id\":\"https:\/\/www.euregiobike.eu\/en\/#website\",\"url\":\"https:\/\/www.euregiobike.eu\/en\/\",\"name\":\"Vorlage\",\"description\":\"Bike Sharing by nextbike\",\"potentialAction\":[{\"@type\":\"SearchAction\",\"target\":{\"@type\":\"EntryPoint\",\"urlTemplate\":\"https:\/\/www.euregiobike.eu\/en\/?s={search_term_string}\"},\"query-input\":{\"@type\":\"PropertyValueSpecification\",\"valueRequired\":true,\"valueName\":\"search_term_string\"}}],\"inLanguage\":\"en-US\"}]}<\/script>\n<!-- \/ Yoast SEO plugin. -->","yoast_head_json":{"title":"Right of Withdrawal - Vorlage","robots":{"index":"index","follow":"follow","max-snippet":"max-snippet:-1","max-image-preview":"max-image-preview:large","max-video-preview":"max-video-preview:-1"},"canonical":"https:\/\/www.euregiobike.eu\/en\/right-of-withdrawal\/","og_locale":"en_US","og_type":"article","og_title":"Right of Withdrawal - Vorlage","og_description":"[vc_row][vc_column][vc_column_text][\/vc_column_text][\/vc_column][\/vc_row]","og_url":"https:\/\/www.euregiobike.eu\/en\/right-of-withdrawal\/","og_site_name":"Vorlage","article_modified_time":"2022-12-16T10:35:47+00:00","twitter_card":"summary_large_image","twitter_misc":{"Est. reading time":"1 minute"},"schema":{"@context":"https:\/\/schema.org","@graph":[{"@type":"WebPage","@id":"https:\/\/www.euregiobike.eu\/en\/right-of-withdrawal\/","url":"https:\/\/www.euregiobike.eu\/en\/right-of-withdrawal\/","name":"Right of Withdrawal - Vorlage","isPartOf":{"@id":"https:\/\/www.euregiobike.eu\/en\/#website"},"datePublished":"2022-11-15T06:57:06+00:00","dateModified":"2022-12-16T10:35:47+00:00","breadcrumb":{"@id":"https:\/\/www.euregiobike.eu\/en\/right-of-withdrawal\/#breadcrumb"},"inLanguage":"en-US","potentialAction":[{"@type":"ReadAction","target":["https:\/\/www.euregiobike.eu\/en\/right-of-withdrawal\/"]}]},{"@type":"BreadcrumbList","@id":"https:\/\/www.euregiobike.eu\/en\/right-of-withdrawal\/#breadcrumb","itemListElement":[{"@type":"ListItem","position":1,"name":"Startseite","item":"https:\/\/www.euregiobike.eu\/en\/"},{"@type":"ListItem","position":2,"name":"Right of Withdrawal"}]},{"@type":"WebSite","@id":"https:\/\/www.euregiobike.eu\/en\/#website","url":"https:\/\/www.euregiobike.eu\/en\/","name":"Vorlage","description":"Bike Sharing by nextbike","potentialAction":[{"@type":"SearchAction","target":{"@type":"EntryPoint","urlTemplate":"https:\/\/www.euregiobike.eu\/en\/?s={search_term_string}"},"query-input":{"@type":"PropertyValueSpecification","valueRequired":true,"valueName":"search_term_string"}}],"inLanguage":"en-US"}]}},"_links":{"self":[{"href":"https:\/\/www.euregiobike.eu\/en\/wp-json\/wp\/v2\/pages\/90","targetHints":{"allow":["GET"]}}],"collection":[{"href":"https:\/\/www.euregiobike.eu\/en\/wp-json\/wp\/v2\/pages"}],"about":[{"href":"https:\/\/www.euregiobike.eu\/en\/wp-json\/wp\/v2\/types\/page"}],"author":[{"embeddable":true,"href":"https:\/\/www.euregiobike.eu\/en\/wp-json\/wp\/v2\/users\/5"}],"replies":[{"embeddable":true,"href":"https:\/\/www.euregiobike.eu\/en\/wp-json\/wp\/v2\/comments?post=90"}],"version-history":[{"count":3,"href":"https:\/\/www.euregiobike.eu\/en\/wp-json\/wp\/v2\/pages\/90\/revisions"}],"predecessor-version":[{"id":93,"href":"https:\/\/www.euregiobike.eu\/en\/wp-json\/wp\/v2\/pages\/90\/revisions\/93"}],"wp:attachment":[{"href":"https:\/\/www.euregiobike.eu\/en\/wp-json\/wp\/v2\/media?parent=90"}],"curies":[{"name":"wp","href":"https:\/\/api.w.org\/{rel}","templated":true}]}}