{"id":129,"date":"2022-11-15T07:57:06","date_gmt":"2022-11-15T06:57:06","guid":{"rendered":"https:\/\/nextbike-live.pluspol-networks.de\/aachen\/widerrufsbelehrung\/"},"modified":"2025-10-09T14:53:50","modified_gmt":"2025-10-09T12:53:50","slug":"droit-de-retrait","status":"publish","type":"page","link":"https:\/\/www.euregiobike.eu\/fr\/droit-de-retrait\/","title":{"rendered":"Droit de retrait"},"content":{"rendered":"<div class=\"wpb-content-wrapper\"><p>[vc_row][vc_column][vc_column_text]<h1>Information sur le droit de r\u00e9tractation<\/h1>\n<p>Cette information sur le droit de r\u00e9tractation s&rsquo;applique aux abonnements, et non au tarif de base.<\/p>\n<p>&nbsp;<\/p>\n<p><strong>Droit de r\u00e9tractation<\/strong><\/p>\n<p>Vous avez le droit de r\u00e9silier le pr\u00e9sent contrat sans donner de motif dans un d\u00e9lai de quatorze jours.<\/p>\n<p>Le d\u00e9lai de r\u00e9tractation est de quatorze jours \u00e0 compter de la date de conclusion du contrat.<\/p>\n<p>Pour exercer votre droit de r\u00e9tractation, vous devez nous informer (<span data-sheets-root=\"1\" data-sheets-value=\"{&quot;1&quot;:2,&quot;2&quot;:&quot;Ju keni t\u00eb drejt\u00eb t\u00eb t\u00ebrhiqeni nga kjo kontrat\u00eb brenda 14 dit\u00ebve pa dh\u00ebn\u00eb asnj\u00eb arsye. Afati i t\u00ebrheqjes p\u00ebrfundon pas 14 dit\u00ebsh nga dita e lidhjes s\u00eb kontrat\u00ebs. P\u00ebr t\u00eb ushtruar t\u00eb drejt\u00ebn e t\u00ebrheqjes duhet t\u00eb informoni (#ADRESA# ) t\u00eb vendimit tuaj p\u00ebr t'u t\u00ebrhequr nga kjo kontrat\u00eb me nj\u00eb deklarat\u00eb t\u00eb qart\u00eb (p.sh. nj\u00eb let\u00ebr e d\u00ebrguar me post\u00eb, faks ose e-mail Ju mund t\u00eb p\u00ebrdorni formularin e t\u00ebrheqjes s\u00eb bashkangjitur, por nuk \u00ebsht\u00eb i detyruesh\u00ebm).\\n\\nP\u00ebr t\u00eb p\u00ebrmbushur afatin e t\u00ebrheqjes, mjafton q\u00eb ju t\u00eb d\u00ebrgoni komunikimin tuaj n\u00eb lidhje me ushtrimin e t\u00eb drejt\u00ebs s\u00eb t\u00ebrheqjes p\u00ebrpara se t\u00eb skadoj\u00eb periudha e t\u00ebrheqjes.&quot;}\" data-sheets-userformat=\"{&quot;2&quot;:14593,&quot;3&quot;:{&quot;1&quot;:0,&quot;3&quot;:1},&quot;11&quot;:4,&quot;14&quot;:{&quot;1&quot;:2,&quot;2&quot;:0},&quot;15&quot;:&quot;Arial&quot;,&quot;16&quot;:10}\">nextbike, Karl-Heine-Stra\u00dfe 46, 04229 Leipzig<\/span>, num\u00e9ro de t\u00e9l\u00e9phone: +49 (0)30 69205046, adresse e-mail: kundenservice@nextbike.de) de votre d\u00e9cision de r\u00e9tractation du pr\u00e9sent contrat par une d\u00e9claration sans \u00e9quivoque (par exemple, lettre envoy\u00e9e par la poste, t\u00e9l\u00e9copie ou e-mail). Pour ce faire, vous pouvez utiliser le mod\u00e8le de formulaire de r\u00e9tractation ci-joint, qui n&rsquo;est toutefois pas obligatoire.<\/p>\n<p>Pour que le d\u00e9lai de r\u00e9tractation soit respect\u00e9, il suffit que vous envoyiez la communication relative \u00e0 l&rsquo;exercice du droit de r\u00e9tractation avant l&rsquo;expiration du d\u00e9lai de r\u00e9tractation.<\/p>\n<p><strong>Cons\u00e9quences de la r\u00e9tractation <\/strong><\/p>\n<p>En cas de r\u00e9siliation du pr\u00e9sent contrat, nous vous rembourserons tous les paiements re\u00e7us de votre part, y compris les frais de livraison (\u00e0 l&rsquo;exception des frais suppl\u00e9mentaires d\u00e9coulant du fait que vous avez choisi un mode de livraison autre que le mode moins co\u00fbteux de livraison standard propos\u00e9 de notre part), sans retard excessif et au plus tard quatorze jours \u00e0 compter de la date \u00e0 laquelle nous avons re\u00e7u la communication de votre d\u00e9cision de r\u00e9tractation du pr\u00e9sent contrat. Pour ce remboursement, nous utilisons le m\u00eame moyen de paiement que celui que vous avez utilis\u00e9 pour la transaction initiale, \u00e0 moins qu&rsquo;il n&rsquo;en ait \u00e9t\u00e9 express\u00e9ment convenu autrement avec vous; en aucun cas, des frais ne vous seront factur\u00e9s pour ce remboursement.<\/p>\n<p>Si vous avez demand\u00e9 que les services commencent pendant le d\u00e9lai de r\u00e9tractation, vous devez nous verser un montant raisonnable correspondant \u00e0 la part des services d\u00e9j\u00e0 fournis au moment o\u00f9 vous nous informez de l&rsquo;exercice du droit de r\u00e9tractation concernant le pr\u00e9sent contrat par rapport \u00e0 l&rsquo;ensemble des services pr\u00e9vus dans le contrat.<\/p>\n<a aria-label=\"Ouvre dans un nouvel onglet\" href=\"https:\/\/www.euregiobike.eu\/wp-content\/uploads\/2024\/04\/2024_04_09_Widerrufsbelehrung.pdf\" target=\"_blank\" class=\"ppi_withdrawal_download_link\"><strong>T\u00e9l\u00e9charge ici un mod\u00e8le de formulaire de r\u00e9tractation.<\/strong><\/a>[\/vc_column_text][\/vc_column][\/vc_row]<\/p>\n<\/div>","protected":false},"excerpt":{"rendered":"<p>[vc_row][vc_column][vc_column_text][\/vc_column_text][\/vc_column][\/vc_row]<\/p>\n","protected":false},"author":5,"featured_media":0,"parent":0,"menu_order":0,"comment_status":"closed","ping_status":"closed","template":"","meta":{"_acf_changed":false,"inline_featured_image":false,"footnotes":""},"class_list":["post-129","page","type-page","status-publish","hentry"],"acf":[],"yoast_head":"<!-- This site is optimized with the Yoast SEO plugin v27.2 - https:\/\/yoast.com\/product\/yoast-seo-wordpress\/ -->\n<title>Droit de retrait - Aachen<\/title>\n<meta name=\"robots\" content=\"index, follow, max-snippet:-1, max-image-preview:large, max-video-preview:-1\" \/>\n<link rel=\"canonical\" href=\"https:\/\/www.euregiobike.eu\/fr\/droit-de-retrait\/\" \/>\n<meta property=\"og:locale\" content=\"fr_FR\" \/>\n<meta property=\"og:type\" content=\"article\" \/>\n<meta property=\"og:title\" content=\"Droit de retrait - Aachen\" \/>\n<meta property=\"og:description\" content=\"[vc_row][vc_column][vc_column_text][\/vc_column_text][\/vc_column][\/vc_row]\" \/>\n<meta property=\"og:url\" content=\"https:\/\/www.euregiobike.eu\/fr\/droit-de-retrait\/\" \/>\n<meta property=\"og:site_name\" content=\"Aachen\" \/>\n<meta property=\"article:modified_time\" content=\"2025-10-09T12:53:50+00:00\" \/>\n<meta name=\"twitter:card\" content=\"summary_large_image\" \/>\n<script type=\"application\/ld+json\" class=\"yoast-schema-graph\">{\"@context\":\"https:\/\/schema.org\",\"@graph\":[{\"@type\":\"WebPage\",\"@id\":\"https:\/\/www.euregiobike.eu\/fr\/droit-de-retrait\/\",\"url\":\"https:\/\/www.euregiobike.eu\/fr\/droit-de-retrait\/\",\"name\":\"Droit de retrait - Aachen\",\"isPartOf\":{\"@id\":\"https:\/\/www.euregiobike.eu\/fr\/#website\"},\"datePublished\":\"2022-11-15T06:57:06+00:00\",\"dateModified\":\"2025-10-09T12:53:50+00:00\",\"breadcrumb\":{\"@id\":\"https:\/\/www.euregiobike.eu\/fr\/droit-de-retrait\/#breadcrumb\"},\"inLanguage\":\"fr-FR\",\"potentialAction\":[{\"@type\":\"ReadAction\",\"target\":[\"https:\/\/www.euregiobike.eu\/fr\/droit-de-retrait\/\"]}]},{\"@type\":\"BreadcrumbList\",\"@id\":\"https:\/\/www.euregiobike.eu\/fr\/droit-de-retrait\/#breadcrumb\",\"itemListElement\":[{\"@type\":\"ListItem\",\"position\":1,\"name\":\"Startseite\",\"item\":\"https:\/\/www.euregiobike.eu\/fr\/\"},{\"@type\":\"ListItem\",\"position\":2,\"name\":\"Droit de retrait\"}]},{\"@type\":\"WebSite\",\"@id\":\"https:\/\/www.euregiobike.eu\/fr\/#website\",\"url\":\"https:\/\/www.euregiobike.eu\/fr\/\",\"name\":\"Aachen\",\"description\":\"Bike Sharing by nextbike\",\"potentialAction\":[{\"@type\":\"SearchAction\",\"target\":{\"@type\":\"EntryPoint\",\"urlTemplate\":\"https:\/\/www.euregiobike.eu\/fr\/?s={search_term_string}\"},\"query-input\":{\"@type\":\"PropertyValueSpecification\",\"valueRequired\":true,\"valueName\":\"search_term_string\"}}],\"inLanguage\":\"fr-FR\"}]}<\/script>\n<!-- \/ Yoast SEO plugin. -->","yoast_head_json":{"title":"Droit de retrait - Aachen","robots":{"index":"index","follow":"follow","max-snippet":"max-snippet:-1","max-image-preview":"max-image-preview:large","max-video-preview":"max-video-preview:-1"},"canonical":"https:\/\/www.euregiobike.eu\/fr\/droit-de-retrait\/","og_locale":"fr_FR","og_type":"article","og_title":"Droit de retrait - Aachen","og_description":"[vc_row][vc_column][vc_column_text][\/vc_column_text][\/vc_column][\/vc_row]","og_url":"https:\/\/www.euregiobike.eu\/fr\/droit-de-retrait\/","og_site_name":"Aachen","article_modified_time":"2025-10-09T12:53:50+00:00","twitter_card":"summary_large_image","schema":{"@context":"https:\/\/schema.org","@graph":[{"@type":"WebPage","@id":"https:\/\/www.euregiobike.eu\/fr\/droit-de-retrait\/","url":"https:\/\/www.euregiobike.eu\/fr\/droit-de-retrait\/","name":"Droit de retrait - Aachen","isPartOf":{"@id":"https:\/\/www.euregiobike.eu\/fr\/#website"},"datePublished":"2022-11-15T06:57:06+00:00","dateModified":"2025-10-09T12:53:50+00:00","breadcrumb":{"@id":"https:\/\/www.euregiobike.eu\/fr\/droit-de-retrait\/#breadcrumb"},"inLanguage":"fr-FR","potentialAction":[{"@type":"ReadAction","target":["https:\/\/www.euregiobike.eu\/fr\/droit-de-retrait\/"]}]},{"@type":"BreadcrumbList","@id":"https:\/\/www.euregiobike.eu\/fr\/droit-de-retrait\/#breadcrumb","itemListElement":[{"@type":"ListItem","position":1,"name":"Startseite","item":"https:\/\/www.euregiobike.eu\/fr\/"},{"@type":"ListItem","position":2,"name":"Droit de retrait"}]},{"@type":"WebSite","@id":"https:\/\/www.euregiobike.eu\/fr\/#website","url":"https:\/\/www.euregiobike.eu\/fr\/","name":"Aachen","description":"Bike Sharing by nextbike","potentialAction":[{"@type":"SearchAction","target":{"@type":"EntryPoint","urlTemplate":"https:\/\/www.euregiobike.eu\/fr\/?s={search_term_string}"},"query-input":{"@type":"PropertyValueSpecification","valueRequired":true,"valueName":"search_term_string"}}],"inLanguage":"fr-FR"}]}},"_links":{"self":[{"href":"https:\/\/www.euregiobike.eu\/fr\/wp-json\/wp\/v2\/pages\/129","targetHints":{"allow":["GET"]}}],"collection":[{"href":"https:\/\/www.euregiobike.eu\/fr\/wp-json\/wp\/v2\/pages"}],"about":[{"href":"https:\/\/www.euregiobike.eu\/fr\/wp-json\/wp\/v2\/types\/page"}],"author":[{"embeddable":true,"href":"https:\/\/www.euregiobike.eu\/fr\/wp-json\/wp\/v2\/users\/5"}],"replies":[{"embeddable":true,"href":"https:\/\/www.euregiobike.eu\/fr\/wp-json\/wp\/v2\/comments?post=129"}],"version-history":[{"count":1,"href":"https:\/\/www.euregiobike.eu\/fr\/wp-json\/wp\/v2\/pages\/129\/revisions"}],"predecessor-version":[{"id":178,"href":"https:\/\/www.euregiobike.eu\/fr\/wp-json\/wp\/v2\/pages\/129\/revisions\/178"}],"wp:attachment":[{"href":"https:\/\/www.euregiobike.eu\/fr\/wp-json\/wp\/v2\/media?parent=129"}],"curies":[{"name":"wp","href":"https:\/\/api.w.org\/{rel}","templated":true}]}}