{"id":137,"date":"2022-08-11T12:14:05","date_gmt":"2022-08-11T10:14:05","guid":{"rendered":"https:\/\/nextbike-live.pluspol-networks.de\/aachen\/datenschutz\/"},"modified":"2025-10-08T14:02:05","modified_gmt":"2025-10-08T12:02:05","slug":"confidentialite","status":"publish","type":"page","link":"https:\/\/www.euregiobike.eu\/fr\/confidentialite\/","title":{"rendered":"Confidentialit\u00e9"},"content":{"rendered":"<div class=\"wpb-content-wrapper\"><p>[vc_row][vc_column][vc_column_text]<div class=\"ppi_privacy ppi_content\"><h2>Confidentialit\u00e9<\/h2>\n<p><strong>Nom et adresse de la personne responsable:<\/strong><\/p>\n<p>La personne responsable au sens du r\u00e8glement de base sur la protection des donn\u00e9es et des autres lois nationales sur la protection des donn\u00e9es des \u00c9tats membres ainsi que des autres dispositions relatives \u00e0 la protection des donn\u00e9es est:<\/p>\n<div data-font-name=\"g_d3_f4\" data-angle=\"0\" data-canvas-width=\"117.61519999999996\">nextbike GmbH<br \/>\nKarl-Heine-Stra\u00dfe 46<br \/>\n04229 Leipzig<\/div>\n<p>Contact: <strong><a class=\"c-link\" href=\"mailto:datenschutz@nextbike.de\" target=\"_blank\" rel=\"noopener noreferrer\" data-stringify-link=\"mailto:datenschutz@nextbike.de\" data-sk=\"tooltip_parent\" aria-expanded=\"false\">datenschutz@nextbike.de<\/a><\/strong><\/p>\n<p>Nous prenons tr\u00e8s au s\u00e9rieux la protection de vos donn\u00e9es personnelles et les traitons de mani\u00e8re confidentielle et conform\u00e9ment aux dispositions l\u00e9gales en mati\u00e8re de protection des donn\u00e9es et \u00e0 la pr\u00e9sente d\u00e9claration de protection des donn\u00e9es.<\/p>\n<p>L&rsquo;utilisation de nos pages web est possible sans fournir de donn\u00e9es personnelles. Dans la mesure o\u00f9 des donn\u00e9es personnelles (par exemple le nom, l&rsquo;adresse ou l&rsquo;adresse \u00e9lectronique) sont recueillies sur nos pages, ceci a lieu, dans la mesure du possible, toujours sur une base volontaire. Ces donn\u00e9es ne seront pas transmises \u00e0 des tiers sans votre consentement explicite.<\/p>\n<p>Les dispositions suivantes vous informent \u00e0 cet \u00e9gard sur le type, la port\u00e9e et la finalit\u00e9 de la collecte, de l&rsquo;utilisation et du traitement des donn\u00e9es personnelles par le prestataire.<\/p>\n<p>&nbsp;<\/p>\n<p><strong><a class=\"borlabs-cookie-preference\" href=\"#\">D\u00e9finir des param\u00e8tres individuels de protection des donn\u00e9es.<\/a><\/strong><\/p>\n<h4 class=\"ppi_download_headline\">D\u00e9claration de confidentialit\u00e9 Web<\/h4><div class=\"ppi_download_row ppi_row\"><div class=\"ppi_download_col ppi_col-md-6\"><p class=\"ppi_download_desc\">D\u00e9claration de confidentialit\u00e9 Web - allemand (PDF)<\/p><a aria-label=\"Ouvre dans un nouvel onglet\" href=\"https:\/\/www.euregiobike.eu\/wp-content\/uploads\/2026\/01\/2026-01-12_Privacy-Notice-WEBSITE_nextbike_ger-3.pdf\" target=\"_blank\" class=\"ppi_download_link\"><strong>T\u00e9l\u00e9charger<\/strong><\/a><\/div><div class=\"ppi_download_col ppi_col-md-6\"><p class=\"ppi_download_desc\">D\u00e9claration de confidentialit\u00e9 Web - anglais (PDF)<\/p><a aria-label=\"Ouvre dans un nouvel onglet\" href=\"https:\/\/www.euregiobike.eu\/wp-content\/uploads\/2026\/01\/2026-01-12_Privacy-Notice-WEBSITE_nextbike_eng-3.pdf\" target=\"_blank\" class=\"ppi_download_link\"><strong>T\u00e9l\u00e9charger<\/strong><\/a><\/div><\/div><h4 class=\"ppi_download_headline\">D\u00e9claration de confidentialit\u00e9 App<\/h4><div class=\"ppi_download_row ppi_row\"><div class=\"ppi_download_col ppi_col-md-6\"><p class=\"ppi_download_desc\">D\u00e9claration de confidentialit\u00e9 App - allemand (PDF)<\/p><a aria-label=\"Ouvre dans un nouvel onglet\" href=\"https:\/\/www.euregiobike.eu\/wp-content\/uploads\/2026\/01\/2026-01-12_Privacy-Notice-APP_nextbike_ger-3.pdf\" target=\"_blank\" class=\"ppi_download_link\"><strong>T\u00e9l\u00e9charger<\/strong><\/a><\/div><div class=\"ppi_download_col ppi_col-md-6\"><p class=\"ppi_download_desc\">D\u00e9claration de confidentialit\u00e9 App - anglais (PDF)<\/p><a aria-label=\"Ouvre dans un nouvel onglet\" href=\"https:\/\/www.euregiobike.eu\/wp-content\/uploads\/2026\/01\/2026-01-12_Privacy-Notice-APP_nextbike_eng-3.pdf\" target=\"_blank\" class=\"ppi_download_link\"><strong>T\u00e9l\u00e9charger<\/strong><\/a><\/div><\/div><\/div>[\/vc_column_text][\/vc_column][\/vc_row]<\/p>\n<\/div>","protected":false},"excerpt":{"rendered":"<p>[vc_row][vc_column][vc_column_text][\/vc_column_text][\/vc_column][\/vc_row]<\/p>\n","protected":false},"author":5,"featured_media":0,"parent":0,"menu_order":0,"comment_status":"closed","ping_status":"closed","template":"page-bubble.php","meta":{"_acf_changed":false,"inline_featured_image":false,"footnotes":""},"class_list":["post-137","page","type-page","status-publish","hentry"],"acf":[],"yoast_head":"<!-- This site is optimized with the Yoast SEO plugin v27.2 - https:\/\/yoast.com\/product\/yoast-seo-wordpress\/ -->\n<title>Confidentialit\u00e9 - Aachen<\/title>\n<meta name=\"robots\" content=\"index, follow, max-snippet:-1, max-image-preview:large, max-video-preview:-1\" \/>\n<link rel=\"canonical\" href=\"https:\/\/www.euregiobike.eu\/fr\/confidentialite\/\" \/>\n<meta property=\"og:locale\" content=\"fr_FR\" \/>\n<meta property=\"og:type\" content=\"article\" \/>\n<meta property=\"og:title\" content=\"Confidentialit\u00e9 - Aachen\" \/>\n<meta property=\"og:description\" content=\"[vc_row][vc_column][vc_column_text][\/vc_column_text][\/vc_column][\/vc_row]\" \/>\n<meta property=\"og:url\" content=\"https:\/\/www.euregiobike.eu\/fr\/confidentialite\/\" \/>\n<meta property=\"og:site_name\" content=\"Aachen\" \/>\n<meta property=\"article:modified_time\" content=\"2025-10-08T12:02:05+00:00\" \/>\n<meta name=\"twitter:card\" content=\"summary_large_image\" \/>\n<script type=\"application\/ld+json\" class=\"yoast-schema-graph\">{\"@context\":\"https:\/\/schema.org\",\"@graph\":[{\"@type\":\"WebPage\",\"@id\":\"https:\/\/www.euregiobike.eu\/fr\/confidentialite\/\",\"url\":\"https:\/\/www.euregiobike.eu\/fr\/confidentialite\/\",\"name\":\"Confidentialit\u00e9 - Aachen\",\"isPartOf\":{\"@id\":\"https:\/\/www.euregiobike.eu\/fr\/#website\"},\"datePublished\":\"2022-08-11T10:14:05+00:00\",\"dateModified\":\"2025-10-08T12:02:05+00:00\",\"breadcrumb\":{\"@id\":\"https:\/\/www.euregiobike.eu\/fr\/confidentialite\/#breadcrumb\"},\"inLanguage\":\"fr-FR\",\"potentialAction\":[{\"@type\":\"ReadAction\",\"target\":[\"https:\/\/www.euregiobike.eu\/fr\/confidentialite\/\"]}]},{\"@type\":\"BreadcrumbList\",\"@id\":\"https:\/\/www.euregiobike.eu\/fr\/confidentialite\/#breadcrumb\",\"itemListElement\":[{\"@type\":\"ListItem\",\"position\":1,\"name\":\"Startseite\",\"item\":\"https:\/\/www.euregiobike.eu\/fr\/\"},{\"@type\":\"ListItem\",\"position\":2,\"name\":\"Confidentialit\u00e9\"}]},{\"@type\":\"WebSite\",\"@id\":\"https:\/\/www.euregiobike.eu\/fr\/#website\",\"url\":\"https:\/\/www.euregiobike.eu\/fr\/\",\"name\":\"Aachen\",\"description\":\"Bike Sharing by nextbike\",\"potentialAction\":[{\"@type\":\"SearchAction\",\"target\":{\"@type\":\"EntryPoint\",\"urlTemplate\":\"https:\/\/www.euregiobike.eu\/fr\/?s={search_term_string}\"},\"query-input\":{\"@type\":\"PropertyValueSpecification\",\"valueRequired\":true,\"valueName\":\"search_term_string\"}}],\"inLanguage\":\"fr-FR\"}]}<\/script>\n<!-- \/ Yoast SEO plugin. -->","yoast_head_json":{"title":"Confidentialit\u00e9 - Aachen","robots":{"index":"index","follow":"follow","max-snippet":"max-snippet:-1","max-image-preview":"max-image-preview:large","max-video-preview":"max-video-preview:-1"},"canonical":"https:\/\/www.euregiobike.eu\/fr\/confidentialite\/","og_locale":"fr_FR","og_type":"article","og_title":"Confidentialit\u00e9 - Aachen","og_description":"[vc_row][vc_column][vc_column_text][\/vc_column_text][\/vc_column][\/vc_row]","og_url":"https:\/\/www.euregiobike.eu\/fr\/confidentialite\/","og_site_name":"Aachen","article_modified_time":"2025-10-08T12:02:05+00:00","twitter_card":"summary_large_image","schema":{"@context":"https:\/\/schema.org","@graph":[{"@type":"WebPage","@id":"https:\/\/www.euregiobike.eu\/fr\/confidentialite\/","url":"https:\/\/www.euregiobike.eu\/fr\/confidentialite\/","name":"Confidentialit\u00e9 - Aachen","isPartOf":{"@id":"https:\/\/www.euregiobike.eu\/fr\/#website"},"datePublished":"2022-08-11T10:14:05+00:00","dateModified":"2025-10-08T12:02:05+00:00","breadcrumb":{"@id":"https:\/\/www.euregiobike.eu\/fr\/confidentialite\/#breadcrumb"},"inLanguage":"fr-FR","potentialAction":[{"@type":"ReadAction","target":["https:\/\/www.euregiobike.eu\/fr\/confidentialite\/"]}]},{"@type":"BreadcrumbList","@id":"https:\/\/www.euregiobike.eu\/fr\/confidentialite\/#breadcrumb","itemListElement":[{"@type":"ListItem","position":1,"name":"Startseite","item":"https:\/\/www.euregiobike.eu\/fr\/"},{"@type":"ListItem","position":2,"name":"Confidentialit\u00e9"}]},{"@type":"WebSite","@id":"https:\/\/www.euregiobike.eu\/fr\/#website","url":"https:\/\/www.euregiobike.eu\/fr\/","name":"Aachen","description":"Bike Sharing by nextbike","potentialAction":[{"@type":"SearchAction","target":{"@type":"EntryPoint","urlTemplate":"https:\/\/www.euregiobike.eu\/fr\/?s={search_term_string}"},"query-input":{"@type":"PropertyValueSpecification","valueRequired":true,"valueName":"search_term_string"}}],"inLanguage":"fr-FR"}]}},"_links":{"self":[{"href":"https:\/\/www.euregiobike.eu\/fr\/wp-json\/wp\/v2\/pages\/137","targetHints":{"allow":["GET"]}}],"collection":[{"href":"https:\/\/www.euregiobike.eu\/fr\/wp-json\/wp\/v2\/pages"}],"about":[{"href":"https:\/\/www.euregiobike.eu\/fr\/wp-json\/wp\/v2\/types\/page"}],"author":[{"embeddable":true,"href":"https:\/\/www.euregiobike.eu\/fr\/wp-json\/wp\/v2\/users\/5"}],"replies":[{"embeddable":true,"href":"https:\/\/www.euregiobike.eu\/fr\/wp-json\/wp\/v2\/comments?post=137"}],"version-history":[{"count":3,"href":"https:\/\/www.euregiobike.eu\/fr\/wp-json\/wp\/v2\/pages\/137\/revisions"}],"predecessor-version":[{"id":153,"href":"https:\/\/www.euregiobike.eu\/fr\/wp-json\/wp\/v2\/pages\/137\/revisions\/153"}],"wp:attachment":[{"href":"https:\/\/www.euregiobike.eu\/fr\/wp-json\/wp\/v2\/media?parent=137"}],"curies":[{"name":"wp","href":"https:\/\/api.w.org\/{rel}","templated":true}]}}