{"id":139,"date":"2022-08-11T12:13:47","date_gmt":"2022-08-11T10:13:47","guid":{"rendered":"https:\/\/nextbike-live.pluspol-networks.de\/aachen\/impressum\/"},"modified":"2025-10-08T14:02:58","modified_gmt":"2025-10-08T12:02:58","slug":"mentions-legales","status":"publish","type":"page","link":"https:\/\/www.euregiobike.eu\/fr\/mentions-legales\/","title":{"rendered":"Mentions l\u00e9gales"},"content":{"rendered":"<div class=\"wpb-content-wrapper\"><p>[vc_row][vc_column][vc_column_text]<h1>Mentions l\u00e9gales<\/h1>\n<p>nextbike <span data-sheets-root=\"1\">GmbH<\/span><br \/>\n<span data-sheets-root=\"1\">Karl-Heine-Stra\u00dfe 46,<br \/>\n04229 Leipzig<\/span>, Allemagne<\/p>\n<p><strong>Repr\u00e9sent\u00e9 par:<\/strong><\/p>\n<p>Meik Bruhs, Sebastian Popp<\/p>\n<p><strong>Contact:<\/strong><\/p>\n<p>nextbike<br \/>\nErich-Zeigner-Allee 69-73<br \/>\n04229 Leipzig<br \/>\nTelefon: +49 (0) 341 3089889-0<br \/>\nFax: +49 (0) 341 3089889-13<br \/>\nE-Mail:\u00a0<strong><a class=\"external-link\" href=\"mailto:info@nextbike.de\" rel=\"nofollow\">info@nextbike.de<\/a><\/strong><\/p>\n<p><strong>Registre du Commerce:<\/strong><\/p>\n<p>Inscription au Registre du Commerce.<br \/>\n<span data-sheets-value=\"{&quot;1&quot;:2,&quot;2&quot;:&quot;Tribunal&quot;}\" data-sheets-userformat=\"{&quot;2&quot;:4993,&quot;3&quot;:{&quot;1&quot;:0},&quot;10&quot;:2,&quot;11&quot;:4,&quot;12&quot;:0,&quot;15&quot;:&quot;Verdana&quot;}\">Tribunal: Amtsgericht Leipzig<br \/>\nNum\u00e9ro d&rsquo;immatriculation: HRB 43001<\/span><\/p>\n<p><strong><a class=\"dictLink\">Num\u00e9ro d&rsquo;identification<\/a>:<\/strong><\/p>\n<p>UST-ID: DE367371374<\/p>\n<p>&nbsp;<\/p>\n<p>R\u00e8glement en ligne des litiges conform\u00e9ment \u00e0 l&rsquo;article 14, paragraphe 1, du r\u00e8glement ODR: La Commission europ\u00e9enne met \u00e0 disposition une plateforme pour le r\u00e8glement en ligne des litiges (OS). Vous la trouverez sur <strong><a href=\"http:\/\/ec.europa.eu\/consumers\/odr\/\">http:\/\/ec.europa.eu\/consumers\/odr\/<\/a>.<\/strong><\/p>\n[\/vc_column_text][\/vc_column][\/vc_row]<\/p>\n<\/div>","protected":false},"excerpt":{"rendered":"<p>[vc_row][vc_column][vc_column_text][\/vc_column_text][\/vc_column][\/vc_row]<\/p>\n","protected":false},"author":5,"featured_media":0,"parent":0,"menu_order":0,"comment_status":"closed","ping_status":"closed","template":"","meta":{"_acf_changed":false,"inline_featured_image":false,"footnotes":""},"class_list":["post-139","page","type-page","status-publish","hentry"],"acf":[],"yoast_head":"<!-- This site is optimized with the Yoast SEO plugin v27.2 - https:\/\/yoast.com\/product\/yoast-seo-wordpress\/ -->\n<title>Mentions l\u00e9gales - Aachen<\/title>\n<meta name=\"robots\" content=\"index, follow, max-snippet:-1, max-image-preview:large, max-video-preview:-1\" \/>\n<link rel=\"canonical\" href=\"https:\/\/www.euregiobike.eu\/fr\/mentions-legales\/\" \/>\n<meta property=\"og:locale\" content=\"fr_FR\" \/>\n<meta property=\"og:type\" content=\"article\" \/>\n<meta property=\"og:title\" content=\"Mentions l\u00e9gales - Aachen\" \/>\n<meta property=\"og:description\" content=\"[vc_row][vc_column][vc_column_text][\/vc_column_text][\/vc_column][\/vc_row]\" \/>\n<meta property=\"og:url\" content=\"https:\/\/www.euregiobike.eu\/fr\/mentions-legales\/\" \/>\n<meta property=\"og:site_name\" content=\"Aachen\" \/>\n<meta property=\"article:modified_time\" content=\"2025-10-08T12:02:58+00:00\" \/>\n<meta name=\"twitter:card\" content=\"summary_large_image\" \/>\n<script type=\"application\/ld+json\" class=\"yoast-schema-graph\">{\"@context\":\"https:\/\/schema.org\",\"@graph\":[{\"@type\":\"WebPage\",\"@id\":\"https:\/\/www.euregiobike.eu\/fr\/mentions-legales\/\",\"url\":\"https:\/\/www.euregiobike.eu\/fr\/mentions-legales\/\",\"name\":\"Mentions l\u00e9gales - Aachen\",\"isPartOf\":{\"@id\":\"https:\/\/www.euregiobike.eu\/fr\/#website\"},\"datePublished\":\"2022-08-11T10:13:47+00:00\",\"dateModified\":\"2025-10-08T12:02:58+00:00\",\"breadcrumb\":{\"@id\":\"https:\/\/www.euregiobike.eu\/fr\/mentions-legales\/#breadcrumb\"},\"inLanguage\":\"fr-FR\",\"potentialAction\":[{\"@type\":\"ReadAction\",\"target\":[\"https:\/\/www.euregiobike.eu\/fr\/mentions-legales\/\"]}]},{\"@type\":\"BreadcrumbList\",\"@id\":\"https:\/\/www.euregiobike.eu\/fr\/mentions-legales\/#breadcrumb\",\"itemListElement\":[{\"@type\":\"ListItem\",\"position\":1,\"name\":\"Startseite\",\"item\":\"https:\/\/www.euregiobike.eu\/fr\/\"},{\"@type\":\"ListItem\",\"position\":2,\"name\":\"Mentions l\u00e9gales\"}]},{\"@type\":\"WebSite\",\"@id\":\"https:\/\/www.euregiobike.eu\/fr\/#website\",\"url\":\"https:\/\/www.euregiobike.eu\/fr\/\",\"name\":\"Aachen\",\"description\":\"Bike Sharing by nextbike\",\"potentialAction\":[{\"@type\":\"SearchAction\",\"target\":{\"@type\":\"EntryPoint\",\"urlTemplate\":\"https:\/\/www.euregiobike.eu\/fr\/?s={search_term_string}\"},\"query-input\":{\"@type\":\"PropertyValueSpecification\",\"valueRequired\":true,\"valueName\":\"search_term_string\"}}],\"inLanguage\":\"fr-FR\"}]}<\/script>\n<!-- \/ Yoast SEO plugin. -->","yoast_head_json":{"title":"Mentions l\u00e9gales - Aachen","robots":{"index":"index","follow":"follow","max-snippet":"max-snippet:-1","max-image-preview":"max-image-preview:large","max-video-preview":"max-video-preview:-1"},"canonical":"https:\/\/www.euregiobike.eu\/fr\/mentions-legales\/","og_locale":"fr_FR","og_type":"article","og_title":"Mentions l\u00e9gales - Aachen","og_description":"[vc_row][vc_column][vc_column_text][\/vc_column_text][\/vc_column][\/vc_row]","og_url":"https:\/\/www.euregiobike.eu\/fr\/mentions-legales\/","og_site_name":"Aachen","article_modified_time":"2025-10-08T12:02:58+00:00","twitter_card":"summary_large_image","schema":{"@context":"https:\/\/schema.org","@graph":[{"@type":"WebPage","@id":"https:\/\/www.euregiobike.eu\/fr\/mentions-legales\/","url":"https:\/\/www.euregiobike.eu\/fr\/mentions-legales\/","name":"Mentions l\u00e9gales - Aachen","isPartOf":{"@id":"https:\/\/www.euregiobike.eu\/fr\/#website"},"datePublished":"2022-08-11T10:13:47+00:00","dateModified":"2025-10-08T12:02:58+00:00","breadcrumb":{"@id":"https:\/\/www.euregiobike.eu\/fr\/mentions-legales\/#breadcrumb"},"inLanguage":"fr-FR","potentialAction":[{"@type":"ReadAction","target":["https:\/\/www.euregiobike.eu\/fr\/mentions-legales\/"]}]},{"@type":"BreadcrumbList","@id":"https:\/\/www.euregiobike.eu\/fr\/mentions-legales\/#breadcrumb","itemListElement":[{"@type":"ListItem","position":1,"name":"Startseite","item":"https:\/\/www.euregiobike.eu\/fr\/"},{"@type":"ListItem","position":2,"name":"Mentions l\u00e9gales"}]},{"@type":"WebSite","@id":"https:\/\/www.euregiobike.eu\/fr\/#website","url":"https:\/\/www.euregiobike.eu\/fr\/","name":"Aachen","description":"Bike Sharing by nextbike","potentialAction":[{"@type":"SearchAction","target":{"@type":"EntryPoint","urlTemplate":"https:\/\/www.euregiobike.eu\/fr\/?s={search_term_string}"},"query-input":{"@type":"PropertyValueSpecification","valueRequired":true,"valueName":"search_term_string"}}],"inLanguage":"fr-FR"}]}},"_links":{"self":[{"href":"https:\/\/www.euregiobike.eu\/fr\/wp-json\/wp\/v2\/pages\/139","targetHints":{"allow":["GET"]}}],"collection":[{"href":"https:\/\/www.euregiobike.eu\/fr\/wp-json\/wp\/v2\/pages"}],"about":[{"href":"https:\/\/www.euregiobike.eu\/fr\/wp-json\/wp\/v2\/types\/page"}],"author":[{"embeddable":true,"href":"https:\/\/www.euregiobike.eu\/fr\/wp-json\/wp\/v2\/users\/5"}],"replies":[{"embeddable":true,"href":"https:\/\/www.euregiobike.eu\/fr\/wp-json\/wp\/v2\/comments?post=139"}],"version-history":[{"count":1,"href":"https:\/\/www.euregiobike.eu\/fr\/wp-json\/wp\/v2\/pages\/139\/revisions"}],"predecessor-version":[{"id":154,"href":"https:\/\/www.euregiobike.eu\/fr\/wp-json\/wp\/v2\/pages\/139\/revisions\/154"}],"wp:attachment":[{"href":"https:\/\/www.euregiobike.eu\/fr\/wp-json\/wp\/v2\/media?parent=139"}],"curies":[{"name":"wp","href":"https:\/\/api.w.org\/{rel}","templated":true}]}}