{"id":128,"date":"2022-11-15T07:57:06","date_gmt":"2022-11-15T06:57:06","guid":{"rendered":"https:\/\/nextbike-live.pluspol-networks.de\/aachen\/widerrufsbelehrung\/"},"modified":"2025-10-09T14:51:38","modified_gmt":"2025-10-09T12:51:38","slug":"herroepingsrecht","status":"publish","type":"page","link":"https:\/\/www.euregiobike.eu\/nl\/herroepingsrecht\/","title":{"rendered":"Herroepingsrecht"},"content":{"rendered":"<div class=\"wpb-content-wrapper\"><p>[vc_row][vc_column][vc_column_text]<h1>Informatie over het herroepingsrecht<\/h1>\n<p>Deze informatie over het herroepingsrecht is van toepassing op abonnementen en niet op het basistarief.<\/p>\n<p>&nbsp;<\/p>\n<p><strong>Herroepingsrecht<\/strong><\/p>\n<p>Je hebt het recht om deze overeenkomst zonder opgave van redenen binnen veertien dagen op te zeggen.<\/p>\n<p>De herroepingstermijn is veertien dagen vanaf de datum waarop de overeenkomst is afgesloten.<\/p>\n<p>Om je herroepingsrecht uit te oefenen, moet je ons (<span data-sheets-root=\"1\" data-sheets-value=\"{&quot;1&quot;:2,&quot;2&quot;:&quot;Ju keni t\u00eb drejt\u00eb t\u00eb t\u00ebrhiqeni nga kjo kontrat\u00eb brenda 14 dit\u00ebve pa dh\u00ebn\u00eb asnj\u00eb arsye. Afati i t\u00ebrheqjes p\u00ebrfundon pas 14 dit\u00ebsh nga dita e lidhjes s\u00eb kontrat\u00ebs. P\u00ebr t\u00eb ushtruar t\u00eb drejt\u00ebn e t\u00ebrheqjes duhet t\u00eb informoni (#ADRESA# ) t\u00eb vendimit tuaj p\u00ebr t'u t\u00ebrhequr nga kjo kontrat\u00eb me nj\u00eb deklarat\u00eb t\u00eb qart\u00eb (p.sh. nj\u00eb let\u00ebr e d\u00ebrguar me post\u00eb, faks ose e-mail Ju mund t\u00eb p\u00ebrdorni formularin e t\u00ebrheqjes s\u00eb bashkangjitur, por nuk \u00ebsht\u00eb i detyruesh\u00ebm).\\n\\nP\u00ebr t\u00eb p\u00ebrmbushur afatin e t\u00ebrheqjes, mjafton q\u00eb ju t\u00eb d\u00ebrgoni komunikimin tuaj n\u00eb lidhje me ushtrimin e t\u00eb drejt\u00ebs s\u00eb t\u00ebrheqjes p\u00ebrpara se t\u00eb skadoj\u00eb periudha e t\u00ebrheqjes.&quot;}\" data-sheets-userformat=\"{&quot;2&quot;:14593,&quot;3&quot;:{&quot;1&quot;:0,&quot;3&quot;:1},&quot;11&quot;:4,&quot;14&quot;:{&quot;1&quot;:2,&quot;2&quot;:0},&quot;15&quot;:&quot;Arial&quot;,&quot;16&quot;:10}\">nextbike, Karl-Heine-Stra\u00dfe 46, 04229 Leipzig<\/span>, Tel: 030 69205046, E-Mail: kundenservice@nextbike.de) op een ondubbelzinnige manier (bv. per brief, fax of e-mail) op de hoogte brengen van je beslissing om dit contract te herroepen. U kunt hiervoor het bijgevoegde modelformulier voor herroeping gebruiken, hoewel dit niet verplicht is.<\/p>\n<p>Om de herroepingstermijn te respecteren, is het voldoende dat u de mededeling met betrekking tot de uitoefening van het herroepingsrecht verzendt voordat de herroepingstermijn is verstreken.<\/p>\n<p><strong>Gevolgen van herroeping<\/strong><\/p>\n<p>Als u deze overeenkomst herroept, betalen wij u alle betalingen die wij van u hebben ontvangen terug, inclusief leveringskosten (met uitzondering van extra kosten die voortvloeien uit het feit dat u een andere leveringsmethode hebt gekozen dan de goedkopere standaardleveringsmethode die door ons wordt aangeboden), zonder onnodige vertraging en uiterlijk veertien dagen na de datum waarop wij de kennisgeving van uw beslissing om deze overeenkomst te herroepen, hebben ontvangen. Voor deze terugbetaling zullen we hetzelfde betaalmiddel gebruiken dat u voor de oorspronkelijke transactie hebt gebruikt, tenzij uitdrukkelijk anders met u is overeengekomen; in geen geval zullen u kosten in rekening worden gebracht voor deze terugbetaling.<\/p>\n<p>Als u hebt verzocht om de diensten te laten beginnen tijdens de herroepingstermijn, moet u ons een redelijk bedrag betalen dat overeenkomt met het deel van de diensten dat al is geleverd op het moment dat u ons op de hoogte stelt van de uitoefening van het herroepingsrecht met betrekking tot dit contract in verhouding tot de totale diensten waarin het contract voorziet.<\/p>\n<a aria-label=\"Opent in een nieuw tabblad\" href=\"\" target=\"_blank\" class=\"ppi_withdrawal_download_link\"><strong><\/strong><\/a>[\/vc_column_text][\/vc_column][\/vc_row]<\/p>\n<\/div>","protected":false},"excerpt":{"rendered":"<p>[vc_row][vc_column][vc_column_text][\/vc_column_text][\/vc_column][\/vc_row]<\/p>\n","protected":false},"author":5,"featured_media":0,"parent":0,"menu_order":0,"comment_status":"closed","ping_status":"closed","template":"","meta":{"_acf_changed":false,"inline_featured_image":false,"footnotes":""},"class_list":["post-128","page","type-page","status-publish","hentry"],"acf":[],"yoast_head":"<!-- This site is optimized with the Yoast SEO plugin v27.2 - https:\/\/yoast.com\/product\/yoast-seo-wordpress\/ -->\n<title>Herroepingsrecht - Aachen<\/title>\n<meta name=\"robots\" content=\"index, follow, max-snippet:-1, max-image-preview:large, max-video-preview:-1\" \/>\n<link rel=\"canonical\" href=\"https:\/\/www.euregiobike.eu\/nl\/herroepingsrecht\/\" \/>\n<meta property=\"og:locale\" content=\"nl_NL\" \/>\n<meta property=\"og:type\" content=\"article\" \/>\n<meta property=\"og:title\" content=\"Herroepingsrecht - Aachen\" \/>\n<meta property=\"og:description\" content=\"[vc_row][vc_column][vc_column_text][\/vc_column_text][\/vc_column][\/vc_row]\" \/>\n<meta property=\"og:url\" content=\"https:\/\/www.euregiobike.eu\/nl\/herroepingsrecht\/\" \/>\n<meta property=\"og:site_name\" content=\"Aachen\" \/>\n<meta property=\"article:modified_time\" content=\"2025-10-09T12:51:38+00:00\" \/>\n<meta name=\"twitter:card\" content=\"summary_large_image\" \/>\n<meta name=\"twitter:label1\" content=\"Geschatte leestijd\" \/>\n\t<meta name=\"twitter:data1\" content=\"1 minuut\" \/>\n<script type=\"application\/ld+json\" class=\"yoast-schema-graph\">{\"@context\":\"https:\/\/schema.org\",\"@graph\":[{\"@type\":\"WebPage\",\"@id\":\"https:\/\/www.euregiobike.eu\/nl\/herroepingsrecht\/\",\"url\":\"https:\/\/www.euregiobike.eu\/nl\/herroepingsrecht\/\",\"name\":\"Herroepingsrecht - Aachen\",\"isPartOf\":{\"@id\":\"https:\/\/www.euregiobike.eu\/nl\/#website\"},\"datePublished\":\"2022-11-15T06:57:06+00:00\",\"dateModified\":\"2025-10-09T12:51:38+00:00\",\"breadcrumb\":{\"@id\":\"https:\/\/www.euregiobike.eu\/nl\/herroepingsrecht\/#breadcrumb\"},\"inLanguage\":\"nl-NL\",\"potentialAction\":[{\"@type\":\"ReadAction\",\"target\":[\"https:\/\/www.euregiobike.eu\/nl\/herroepingsrecht\/\"]}]},{\"@type\":\"BreadcrumbList\",\"@id\":\"https:\/\/www.euregiobike.eu\/nl\/herroepingsrecht\/#breadcrumb\",\"itemListElement\":[{\"@type\":\"ListItem\",\"position\":1,\"name\":\"Startseite\",\"item\":\"https:\/\/www.euregiobike.eu\/nl\/\"},{\"@type\":\"ListItem\",\"position\":2,\"name\":\"Herroepingsrecht\"}]},{\"@type\":\"WebSite\",\"@id\":\"https:\/\/www.euregiobike.eu\/nl\/#website\",\"url\":\"https:\/\/www.euregiobike.eu\/nl\/\",\"name\":\"Aachen\",\"description\":\"Bike Sharing by nextbike\",\"potentialAction\":[{\"@type\":\"SearchAction\",\"target\":{\"@type\":\"EntryPoint\",\"urlTemplate\":\"https:\/\/www.euregiobike.eu\/nl\/?s={search_term_string}\"},\"query-input\":{\"@type\":\"PropertyValueSpecification\",\"valueRequired\":true,\"valueName\":\"search_term_string\"}}],\"inLanguage\":\"nl-NL\"}]}<\/script>\n<!-- \/ Yoast SEO plugin. -->","yoast_head_json":{"title":"Herroepingsrecht - Aachen","robots":{"index":"index","follow":"follow","max-snippet":"max-snippet:-1","max-image-preview":"max-image-preview:large","max-video-preview":"max-video-preview:-1"},"canonical":"https:\/\/www.euregiobike.eu\/nl\/herroepingsrecht\/","og_locale":"nl_NL","og_type":"article","og_title":"Herroepingsrecht - Aachen","og_description":"[vc_row][vc_column][vc_column_text][\/vc_column_text][\/vc_column][\/vc_row]","og_url":"https:\/\/www.euregiobike.eu\/nl\/herroepingsrecht\/","og_site_name":"Aachen","article_modified_time":"2025-10-09T12:51:38+00:00","twitter_card":"summary_large_image","twitter_misc":{"Geschatte leestijd":"1 minuut"},"schema":{"@context":"https:\/\/schema.org","@graph":[{"@type":"WebPage","@id":"https:\/\/www.euregiobike.eu\/nl\/herroepingsrecht\/","url":"https:\/\/www.euregiobike.eu\/nl\/herroepingsrecht\/","name":"Herroepingsrecht - Aachen","isPartOf":{"@id":"https:\/\/www.euregiobike.eu\/nl\/#website"},"datePublished":"2022-11-15T06:57:06+00:00","dateModified":"2025-10-09T12:51:38+00:00","breadcrumb":{"@id":"https:\/\/www.euregiobike.eu\/nl\/herroepingsrecht\/#breadcrumb"},"inLanguage":"nl-NL","potentialAction":[{"@type":"ReadAction","target":["https:\/\/www.euregiobike.eu\/nl\/herroepingsrecht\/"]}]},{"@type":"BreadcrumbList","@id":"https:\/\/www.euregiobike.eu\/nl\/herroepingsrecht\/#breadcrumb","itemListElement":[{"@type":"ListItem","position":1,"name":"Startseite","item":"https:\/\/www.euregiobike.eu\/nl\/"},{"@type":"ListItem","position":2,"name":"Herroepingsrecht"}]},{"@type":"WebSite","@id":"https:\/\/www.euregiobike.eu\/nl\/#website","url":"https:\/\/www.euregiobike.eu\/nl\/","name":"Aachen","description":"Bike Sharing by nextbike","potentialAction":[{"@type":"SearchAction","target":{"@type":"EntryPoint","urlTemplate":"https:\/\/www.euregiobike.eu\/nl\/?s={search_term_string}"},"query-input":{"@type":"PropertyValueSpecification","valueRequired":true,"valueName":"search_term_string"}}],"inLanguage":"nl-NL"}]}},"_links":{"self":[{"href":"https:\/\/www.euregiobike.eu\/nl\/wp-json\/wp\/v2\/pages\/128","targetHints":{"allow":["GET"]}}],"collection":[{"href":"https:\/\/www.euregiobike.eu\/nl\/wp-json\/wp\/v2\/pages"}],"about":[{"href":"https:\/\/www.euregiobike.eu\/nl\/wp-json\/wp\/v2\/types\/page"}],"author":[{"embeddable":true,"href":"https:\/\/www.euregiobike.eu\/nl\/wp-json\/wp\/v2\/users\/5"}],"replies":[{"embeddable":true,"href":"https:\/\/www.euregiobike.eu\/nl\/wp-json\/wp\/v2\/comments?post=128"}],"version-history":[{"count":1,"href":"https:\/\/www.euregiobike.eu\/nl\/wp-json\/wp\/v2\/pages\/128\/revisions"}],"predecessor-version":[{"id":176,"href":"https:\/\/www.euregiobike.eu\/nl\/wp-json\/wp\/v2\/pages\/128\/revisions\/176"}],"wp:attachment":[{"href":"https:\/\/www.euregiobike.eu\/nl\/wp-json\/wp\/v2\/media?parent=128"}],"curies":[{"name":"wp","href":"https:\/\/api.w.org\/{rel}","templated":true}]}}